{"id":11120,"date":"2023-10-01T10:45:18","date_gmt":"2023-10-01T13:45:18","guid":{"rendered":"https:\/\/vitoria-airport.kaptiva.com.br\/?page_id=11120"},"modified":"2023-11-03T10:33:14","modified_gmt":"2023-11-03T13:33:14","slug":"central-de-atendimento","status":"publish","type":"page","link":"https:\/\/vitoria-airport.kaptiva.com.br\/index.php\/central-de-atendimento\/","title":{"rendered":"CENTRAL DE ATENDIMENTO"},"content":{"rendered":"\t\t<div data-elementor-type=\"wp-page\" data-elementor-id=\"11120\" class=\"elementor elementor-11120\" data-elementor-post-type=\"page\">\n\t\t\t\t\t\t\t\t\t<section class=\"elementor-section elementor-top-section elementor-element elementor-element-75aac76c elementor-section-boxed elementor-section-height-default elementor-section-height-default\" data-id=\"75aac76c\" data-element_type=\"section\">\n\t\t\t\t\t\t<div class=\"elementor-container elementor-column-gap-default\">\n\t\t\t\t\t<div class=\"elementor-column elementor-col-50 elementor-top-column elementor-element elementor-element-14e59f52\" data-id=\"14e59f52\" data-element_type=\"column\">\n\t\t\t<div class=\"elementor-widget-wrap elementor-element-populated\">\n\t\t\t\t\t\t\t\t<div class=\"elementor-element elementor-element-5a6fa597 elementor-widget elementor-widget-heading\" data-id=\"5a6fa597\" data-element_type=\"widget\" data-widget_type=\"heading.default\">\n\t\t\t\t<div class=\"elementor-widget-container\">\n\t\t\t<style>\/*! elementor - v3.14.0 - 26-06-2023 *\/\n.elementor-heading-title{padding:0;margin:0;line-height:1}.elementor-widget-heading .elementor-heading-title[class*=elementor-size-]>a{color:inherit;font-size:inherit;line-height:inherit}.elementor-widget-heading .elementor-heading-title.elementor-size-small{font-size:15px}.elementor-widget-heading .elementor-heading-title.elementor-size-medium{font-size:19px}.elementor-widget-heading .elementor-heading-title.elementor-size-large{font-size:29px}.elementor-widget-heading .elementor-heading-title.elementor-size-xl{font-size:39px}.elementor-widget-heading .elementor-heading-title.elementor-size-xxl{font-size:59px}<\/style><h2 class=\"elementor-heading-title elementor-size-default\">D\u00daVIDAS FREQU\u00caNTES<\/h2>\t\t<\/div>\n\t\t\t\t<\/div>\n\t\t\t\t<div class=\"elementor-element elementor-element-32ef8f9f elementor-widget elementor-widget-toggle\" data-id=\"32ef8f9f\" data-element_type=\"widget\" data-widget_type=\"toggle.default\">\n\t\t\t\t<div class=\"elementor-widget-container\">\n\t\t\t<style>\/*! elementor - v3.14.0 - 26-06-2023 *\/\n.elementor-toggle{text-align:left}.elementor-toggle .elementor-tab-title{font-weight:700;line-height:1;margin:0;padding:15px;border-bottom:1px solid #d5d8dc;cursor:pointer;outline:none}.elementor-toggle .elementor-tab-title .elementor-toggle-icon{display:inline-block;width:1em}.elementor-toggle .elementor-tab-title .elementor-toggle-icon svg{-webkit-margin-start:-5px;margin-inline-start:-5px;width:1em;height:1em}.elementor-toggle .elementor-tab-title .elementor-toggle-icon.elementor-toggle-icon-right{float:right;text-align:right}.elementor-toggle .elementor-tab-title .elementor-toggle-icon.elementor-toggle-icon-left{float:left;text-align:left}.elementor-toggle .elementor-tab-title .elementor-toggle-icon .elementor-toggle-icon-closed{display:block}.elementor-toggle .elementor-tab-title .elementor-toggle-icon .elementor-toggle-icon-opened{display:none}.elementor-toggle .elementor-tab-title.elementor-active{border-bottom:none}.elementor-toggle .elementor-tab-title.elementor-active .elementor-toggle-icon-closed{display:none}.elementor-toggle .elementor-tab-title.elementor-active .elementor-toggle-icon-opened{display:block}.elementor-toggle .elementor-tab-content{padding:15px;border-bottom:1px solid #d5d8dc;display:none}@media (max-width:767px){.elementor-toggle .elementor-tab-title{padding:12px}.elementor-toggle .elementor-tab-content{padding:12px 10px}}.e-con-inner>.elementor-widget-toggle,.e-con>.elementor-widget-toggle{width:var(--container-widget-width);--flex-grow:var(--container-widget-flex-grow)}<\/style>\t\t<div class=\"elementor-toggle\">\n\t\t\t\t\t\t\t<div class=\"elementor-toggle-item\">\n\t\t\t\t\t<div id=\"elementor-tab-title-8541\" class=\"elementor-tab-title\" data-tab=\"1\" role=\"button\" aria-controls=\"elementor-tab-content-8541\" aria-expanded=\"false\">\n\t\t\t\t\t\t\t\t\t\t\t\t<span class=\"elementor-toggle-icon elementor-toggle-icon-left\" aria-hidden=\"true\">\n\t\t\t\t\t\t\t\t\t\t\t\t\t\t\t<span class=\"elementor-toggle-icon-closed\"><i class=\"fas fa-caret-right\"><\/i><\/span>\n\t\t\t\t\t\t\t\t<span class=\"elementor-toggle-icon-opened\"><i class=\"elementor-toggle-icon-opened fas fa-caret-up\"><\/i><\/span>\n\t\t\t\t\t\t\t\t\t\t\t\t\t<\/span>\n\t\t\t\t\t\t\t\t\t\t\t\t<a class=\"elementor-toggle-title\" tabindex=\"0\">Como iniciar o curso na plataforma?<\/a>\n\t\t\t\t\t<\/div>\n\n\t\t\t\t\t<div id=\"elementor-tab-content-8541\" class=\"elementor-tab-content elementor-clearfix\" data-tab=\"1\" role=\"region\" aria-labelledby=\"elementor-tab-title-8541\"><p>Para iniciar os estudos \u00e9 preciso est\u00e1 inscrito (a) em algum de nossos cursos. Ap\u00f3s o preposto efetuar a inscri\u00e7\u00e3o o sistema dispara um e-mail para o aluno com o\u00a0 link de acesso, login e senha.<\/p><\/div>\n\t\t\t\t<\/div>\n\t\t\t\t\t\t\t<div class=\"elementor-toggle-item\">\n\t\t\t\t\t<div id=\"elementor-tab-title-8542\" class=\"elementor-tab-title\" data-tab=\"2\" role=\"button\" aria-controls=\"elementor-tab-content-8542\" aria-expanded=\"false\">\n\t\t\t\t\t\t\t\t\t\t\t\t<span class=\"elementor-toggle-icon elementor-toggle-icon-left\" aria-hidden=\"true\">\n\t\t\t\t\t\t\t\t\t\t\t\t\t\t\t<span class=\"elementor-toggle-icon-closed\"><i class=\"fas fa-caret-right\"><\/i><\/span>\n\t\t\t\t\t\t\t\t<span class=\"elementor-toggle-icon-opened\"><i class=\"elementor-toggle-icon-opened fas fa-caret-up\"><\/i><\/span>\n\t\t\t\t\t\t\t\t\t\t\t\t\t<\/span>\n\t\t\t\t\t\t\t\t\t\t\t\t<a class=\"elementor-toggle-title\" tabindex=\"0\">Como acessar o curso?<\/a>\n\t\t\t\t\t<\/div>\n\n\t\t\t\t\t<div id=\"elementor-tab-content-8542\" class=\"elementor-tab-content elementor-clearfix\" data-tab=\"2\" role=\"region\" aria-labelledby=\"elementor-tab-title-8542\"><p>Consulte o Manual do Aluno\u00a0para isso clique no menu <span style=\"text-decoration: underline;\"><strong>Manual de Acesso<\/strong><\/span> e clique <span style=\"text-decoration: underline;\"><strong>Manual do Aluno<\/strong><\/span><\/p><\/div>\n\t\t\t\t<\/div>\n\t\t\t\t\t\t\t<div class=\"elementor-toggle-item\">\n\t\t\t\t\t<div id=\"elementor-tab-title-8543\" class=\"elementor-tab-title\" data-tab=\"3\" role=\"button\" aria-controls=\"elementor-tab-content-8543\" aria-expanded=\"false\">\n\t\t\t\t\t\t\t\t\t\t\t\t<span class=\"elementor-toggle-icon elementor-toggle-icon-left\" aria-hidden=\"true\">\n\t\t\t\t\t\t\t\t\t\t\t\t\t\t\t<span class=\"elementor-toggle-icon-closed\"><i class=\"fas fa-caret-right\"><\/i><\/span>\n\t\t\t\t\t\t\t\t<span class=\"elementor-toggle-icon-opened\"><i class=\"elementor-toggle-icon-opened fas fa-caret-up\"><\/i><\/span>\n\t\t\t\t\t\t\t\t\t\t\t\t\t<\/span>\n\t\t\t\t\t\t\t\t\t\t\t\t<a class=\"elementor-toggle-title\" tabindex=\"0\">Esqueceu a senha?<\/a>\n\t\t\t\t\t<\/div>\n\n\t\t\t\t\t<div id=\"elementor-tab-content-8543\" class=\"elementor-tab-content elementor-clearfix\" data-tab=\"3\" role=\"region\" aria-labelledby=\"elementor-tab-title-8543\"><p>Para redefinir a senha fa\u00e7a o seguinte;<\/p><p>1- Clique no menu <strong>Minha conta<\/strong><\/p><p>2- Clique em <strong>Esqueceu a senha?<\/strong><\/p><p>3- Na tela seguinte, insira o seu CPF ou e-mail e clique no bot\u00e3o <strong>Redefir senha<\/strong><\/p><p>4- Agora acesse o seu e-mail e clique no link recebido e crie uma nova senha.<\/p><p><strong>Observa\u00e7\u00e3o:<\/strong> Pode demorar at\u00e9 15 minutos para que receba o link no seu e-mail<\/p><p>\u00a0<\/p><p>\u00a0<\/p><\/div>\n\t\t\t\t<\/div>\n\t\t\t\t\t\t\t<div class=\"elementor-toggle-item\">\n\t\t\t\t\t<div id=\"elementor-tab-title-8544\" class=\"elementor-tab-title\" data-tab=\"4\" role=\"button\" aria-controls=\"elementor-tab-content-8544\" aria-expanded=\"false\">\n\t\t\t\t\t\t\t\t\t\t\t\t<span class=\"elementor-toggle-icon elementor-toggle-icon-left\" aria-hidden=\"true\">\n\t\t\t\t\t\t\t\t\t\t\t\t\t\t\t<span class=\"elementor-toggle-icon-closed\"><i class=\"fas fa-caret-right\"><\/i><\/span>\n\t\t\t\t\t\t\t\t<span class=\"elementor-toggle-icon-opened\"><i class=\"elementor-toggle-icon-opened fas fa-caret-up\"><\/i><\/span>\n\t\t\t\t\t\t\t\t\t\t\t\t\t<\/span>\n\t\t\t\t\t\t\t\t\t\t\t\t<a class=\"elementor-toggle-title\" tabindex=\"0\">Cadastro da Empresa (1\u00ba acesso)<\/a>\n\t\t\t\t\t<\/div>\n\n\t\t\t\t\t<div id=\"elementor-tab-content-8544\" class=\"elementor-tab-content elementor-clearfix\" data-tab=\"4\" role=\"region\" aria-labelledby=\"elementor-tab-title-8544\"><p style=\"font-weight: 400;\">Para acessar a plataforma ser\u00e1 necess\u00e1rio realizar um\u00a0<strong>\u201cPr\u00e9-Cadastro da sua Empresa e dos Prepostos<\/strong>\u201d, para isso envie um e-mail ao\u00a0<a href=\"mailto:treinamento@zurichairportbrasil.com\">treinamento@zurichairportbrasil.com<\/a>\u00a0com o\u00a0<strong>Assunto:<\/strong>\u00a0CADASTRO DE EMPRESA. Anexe o contrato da sua empresa com a Zurich Airport Brasil, e informe para qual aeroporto deseja realizar o cadastro (Vix, Mea ou Fln).<\/p><p style=\"font-weight: 400;\">No e-mail al\u00e9m dos dados da empresa \u00e9 preciso informar os dados do\u00a0<u>respons\u00e1vel pela empresa e dos prepostos<\/u>\u00a0(sendo<strong>: Nome completo, n\u00famero do CPF, telefone e E-mail<\/strong>), sua solicita\u00e7\u00e3o de\u00a0<strong>\u201cPR\u00c9-CADASTRO<\/strong>\u201d ser\u00e1 realizada em at\u00e9 24 horas \u00fateis (de segunda a sexta-feira das 8 horas \u00e0s 17 horas), se as informa\u00e7\u00f5es recebidas estiverem corretas e completas, retornaremos ao e-mail cadastrado o acesso para utilizar a plataforma.<\/p><\/div>\n\t\t\t\t<\/div>\n\t\t\t\t\t\t\t\t<\/div>\n\t\t\t\t<\/div>\n\t\t\t\t<\/div>\n\t\t\t\t\t<\/div>\n\t\t<\/div>\n\t\t\t\t<div class=\"elementor-column elementor-col-50 elementor-top-column elementor-element elementor-element-4afd151a\" data-id=\"4afd151a\" data-element_type=\"column\" data-settings=\"{&quot;background_background&quot;:&quot;classic&quot;}\">\n\t\t\t<div class=\"elementor-widget-wrap elementor-element-populated\">\n\t\t\t\t\t\t\t\t<div class=\"elementor-element elementor-element-30b4ebf1 elementor-widget elementor-widget-heading\" data-id=\"30b4ebf1\" data-element_type=\"widget\" data-widget_type=\"heading.default\">\n\t\t\t\t<div class=\"elementor-widget-container\">\n\t\t\t<h2 class=\"elementor-heading-title elementor-size-default\">SUPORTE<\/h2>\t\t<\/div>\n\t\t\t\t<\/div>\n\t\t\t\t<div class=\"elementor-element elementor-element-6ea443c8 elementor-widget elementor-widget-heading\" data-id=\"6ea443c8\" data-element_type=\"widget\" data-widget_type=\"heading.default\">\n\t\t\t\t<div class=\"elementor-widget-container\">\n\t\t\t<h2 class=\"elementor-heading-title elementor-size-default\">N\u00e3o conseguiu solucionar a sua d\u00favida? Entre em contato conosco!<\/h2>\t\t<\/div>\n\t\t\t\t<\/div>\n\t\t\t\t<div class=\"elementor-element elementor-element-4d3698e7 elementor-widget elementor-widget-image\" data-id=\"4d3698e7\" data-element_type=\"widget\" data-widget_type=\"image.default\">\n\t\t\t\t<div class=\"elementor-widget-container\">\n\t\t\t<style>\/*! elementor - v3.14.0 - 26-06-2023 *\/\n.elementor-widget-image{text-align:center}.elementor-widget-image a{display:inline-block}.elementor-widget-image a img[src$=\".svg\"]{width:48px}.elementor-widget-image img{vertical-align:middle;display:inline-block}<\/style>\t\t\t\t\t\t\t\t\t\t\t\t<img decoding=\"async\" width=\"150\" height=\"150\" src=\"https:\/\/vitoria-airport.kaptiva.com.br\/wp-content\/uploads\/2023\/10\/vitoria-150x150.png\" class=\"attachment-thumbnail size-thumbnail wp-image-11125\" alt=\"\" loading=\"lazy\" srcset=\"https:\/\/vitoria-airport.kaptiva.com.br\/wp-content\/uploads\/2023\/10\/vitoria-150x150.png 150w, https:\/\/vitoria-airport.kaptiva.com.br\/wp-content\/uploads\/2023\/10\/vitoria-100x100.png 100w, https:\/\/vitoria-airport.kaptiva.com.br\/wp-content\/uploads\/2023\/10\/vitoria.png 256w\" sizes=\"(max-width: 150px) 100vw, 150px\" \/>\t\t\t\t\t\t\t\t\t\t\t\t\t\t\t<\/div>\n\t\t\t\t<\/div>\n\t\t\t\t<div class=\"elementor-element elementor-element-416c8c28 elementor-widget elementor-widget-heading\" data-id=\"416c8c28\" data-element_type=\"widget\" data-widget_type=\"heading.default\">\n\t\t\t\t<div class=\"elementor-widget-container\">\n\t\t\t<h2 class=\"elementor-heading-title elementor-size-default\">treinamento@zurichairportbrasil.com<\/h2>\t\t<\/div>\n\t\t\t\t<\/div>\n\t\t\t\t\t<\/div>\n\t\t<\/div>\n\t\t\t\t\t\t\t<\/div>\n\t\t<\/section>\n\t\t\t\t\t\t\t<\/div>\n\t\t","protected":false},"excerpt":{"rendered":"<p>D\u00daVIDAS FREQU\u00caNTES Como iniciar o curso na plataforma? Para iniciar os estudos \u00e9 preciso est\u00e1 inscrito (a) em algum de nossos cursos. Ap\u00f3s o preposto efetuar a inscri\u00e7\u00e3o o sistema dispara um e-mail para o aluno com o\u00a0 link de acesso, login e senha. Como acessar o curso? Consulte o Manual do Aluno\u00a0para isso clique &hellip;<\/p>\n<p class=\"read-more\"> <a class=\"\" href=\"https:\/\/vitoria-airport.kaptiva.com.br\/index.php\/central-de-atendimento\/\"> <span class=\"screen-reader-text\">CENTRAL DE ATENDIMENTO<\/span> Leia mais \u00bb<\/a><\/p>\n","protected":false},"author":8,"featured_media":0,"parent":0,"menu_order":0,"comment_status":"closed","ping_status":"closed","template":"","meta":{"_uag_custom_page_level_css":"","site-sidebar-layout":"no-sidebar","site-content-layout":"page-builder","ast-global-header-display":"","ast-banner-title-visibility":"","ast-main-header-display":"","ast-hfb-above-header-display":"","ast-hfb-below-header-display":"","ast-hfb-mobile-header-display":"","site-post-title":"disabled","ast-breadcrumbs-content":"","ast-featured-img":"disabled","footer-sml-layout":"","theme-transparent-header-meta":"default","adv-header-id-meta":"","stick-header-meta":"default","header-above-stick-meta":"","header-main-stick-meta":"","header-below-stick-meta":""},"acf":[],"uagb_featured_image_src":{"full":false,"thumbnail":false,"medium":false,"medium_large":false,"large":false,"1536x1536":false,"2048x2048":false,"course_single":false,"course_archive":false,"woocommerce_thumbnail":false,"woocommerce_single":false,"woocommerce_gallery_thumbnail":false},"uagb_author_info":{"display_name":"Elson da Silva Santos","author_link":"https:\/\/vitoria-airport.kaptiva.com.br\/index.php\/author\/elson-silva\/"},"uagb_comment_info":0,"uagb_excerpt":"D\u00daVIDAS FREQU\u00caNTES Como iniciar o curso na plataforma? Para iniciar os estudos \u00e9 preciso est\u00e1 inscrito (a) em algum de nossos cursos. Ap\u00f3s o preposto efetuar a inscri\u00e7\u00e3o o sistema dispara um e-mail para o aluno com o\u00a0 link de acesso, login e senha. Como acessar o curso? Consulte o Manual do Aluno\u00a0para isso clique&hellip;","_links":{"self":[{"href":"https:\/\/vitoria-airport.kaptiva.com.br\/index.php\/wp-json\/wp\/v2\/pages\/11120"}],"collection":[{"href":"https:\/\/vitoria-airport.kaptiva.com.br\/index.php\/wp-json\/wp\/v2\/pages"}],"about":[{"href":"https:\/\/vitoria-airport.kaptiva.com.br\/index.php\/wp-json\/wp\/v2\/types\/page"}],"author":[{"embeddable":true,"href":"https:\/\/vitoria-airport.kaptiva.com.br\/index.php\/wp-json\/wp\/v2\/users\/8"}],"replies":[{"embeddable":true,"href":"https:\/\/vitoria-airport.kaptiva.com.br\/index.php\/wp-json\/wp\/v2\/comments?post=11120"}],"version-history":[{"count":19,"href":"https:\/\/vitoria-airport.kaptiva.com.br\/index.php\/wp-json\/wp\/v2\/pages\/11120\/revisions"}],"predecessor-version":[{"id":11260,"href":"https:\/\/vitoria-airport.kaptiva.com.br\/index.php\/wp-json\/wp\/v2\/pages\/11120\/revisions\/11260"}],"wp:attachment":[{"href":"https:\/\/vitoria-airport.kaptiva.com.br\/index.php\/wp-json\/wp\/v2\/media?parent=11120"}],"curies":[{"name":"wp","href":"https:\/\/api.w.org\/{rel}","templated":true}]}}