{"id":10769,"date":"2023-07-12T11:37:27","date_gmt":"2023-07-12T14:37:27","guid":{"rendered":"https:\/\/vitoria-airport.kaptiva.com.br\/index.php\/produto\/familiarizacao-em-sgso-externo\/"},"modified":"2023-09-25T09:36:47","modified_gmt":"2023-09-25T12:36:47","slug":"familiarizacao-em-sgso-online","status":"publish","type":"product","link":"https:\/\/vitoria-airport.kaptiva.com.br\/index.php\/produto\/familiarizacao-em-sgso-online\/","title":{"rendered":"Familiariza\u00e7\u00e3o em SGSO (Online)"},"content":{"rendered":"","protected":false},"excerpt":{"rendered":"<p>Este treinamento \u00e9 destinado aos profissionais que no exerc\u00edcio das suas atribui\u00e7\u00f5es, necessitam acessar a \u00e1rea de movimento e adjacentes, como p\u00e1tios, pistas, faixa de pista, vias de servi\u00e7o entre outros, ou em atividade relacionadas \u00e0 seguran\u00e7a operacional do aer\u00f3dromo, conforme RBAC 153 (Regulamento Brasileiro de Avia\u00e7\u00e3o Civil).<\/p>\n","protected":false},"featured_media":10436,"template":"","meta":{"_uag_custom_page_level_css":"","site-sidebar-layout":"default","site-content-layout":"default","ast-global-header-display":"","ast-banner-title-visibility":"","ast-main-header-display":"","ast-hfb-above-header-display":"","ast-hfb-below-header-display":"","ast-hfb-mobile-header-display":"","site-post-title":"","ast-breadcrumbs-content":"","ast-featured-img":"","footer-sml-layout":"","theme-transparent-header-meta":"default","adv-header-id-meta":"","stick-header-meta":"default","header-above-stick-meta":"","header-main-stick-meta":"","header-below-stick-meta":""},"product_cat":[37],"product_tag":[],"acf":[],"uagb_featured_image_src":{"full":["https:\/\/vitoria-airport.kaptiva.com.br\/wp-content\/uploads\/2022\/05\/SGSO_VITORIA_v3.png",800,600,false],"thumbnail":["https:\/\/vitoria-airport.kaptiva.com.br\/wp-content\/uploads\/2022\/05\/SGSO_VITORIA_v3-150x150.png",150,150,true],"medium":["https:\/\/vitoria-airport.kaptiva.com.br\/wp-content\/uploads\/2022\/05\/SGSO_VITORIA_v3-300x225.png",300,225,true],"medium_large":["https:\/\/vitoria-airport.kaptiva.com.br\/wp-content\/uploads\/2022\/05\/SGSO_VITORIA_v3-768x576.png",768,576,true],"large":["https:\/\/vitoria-airport.kaptiva.com.br\/wp-content\/uploads\/2022\/05\/SGSO_VITORIA_v3.png",800,600,false],"1536x1536":["https:\/\/vitoria-airport.kaptiva.com.br\/wp-content\/uploads\/2022\/05\/SGSO_VITORIA_v3.png",800,600,false],"2048x2048":["https:\/\/vitoria-airport.kaptiva.com.br\/wp-content\/uploads\/2022\/05\/SGSO_VITORIA_v3.png",800,600,false],"course_single":["https:\/\/vitoria-airport.kaptiva.com.br\/wp-content\/uploads\/2022\/05\/SGSO_VITORIA_v3.png",600,450,false],"course_archive":["https:\/\/vitoria-airport.kaptiva.com.br\/wp-content\/uploads\/2022\/05\/SGSO_VITORIA_v3.png",200,150,false],"woocommerce_thumbnail":["https:\/\/vitoria-airport.kaptiva.com.br\/wp-content\/uploads\/2022\/05\/SGSO_VITORIA_v3-600x450.png",600,450,true],"woocommerce_single":["https:\/\/vitoria-airport.kaptiva.com.br\/wp-content\/uploads\/2022\/05\/SGSO_VITORIA_v3.png",800,600,false],"woocommerce_gallery_thumbnail":["https:\/\/vitoria-airport.kaptiva.com.br\/wp-content\/uploads\/2022\/05\/SGSO_VITORIA_v3-100x100.png",100,100,true]},"uagb_author_info":{"display_name":"Elson da Silva Santos","author_link":"https:\/\/vitoria-airport.kaptiva.com.br\/index.php\/author\/"},"uagb_comment_info":0,"uagb_excerpt":"Este treinamento \u00e9 destinado aos profissionais que no exerc\u00edcio das suas atribui\u00e7\u00f5es, necessitam acessar a \u00e1rea de movimento e adjacentes, como p\u00e1tios, pistas, faixa de pista, vias de servi\u00e7o entre outros, ou em atividade relacionadas \u00e0 seguran\u00e7a operacional do aer\u00f3dromo, conforme RBAC 153 (Regulamento Brasileiro de Avia\u00e7\u00e3o Civil).","_links":{"self":[{"href":"https:\/\/vitoria-airport.kaptiva.com.br\/index.php\/wp-json\/wp\/v2\/product\/10769"}],"collection":[{"href":"https:\/\/vitoria-airport.kaptiva.com.br\/index.php\/wp-json\/wp\/v2\/product"}],"about":[{"href":"https:\/\/vitoria-airport.kaptiva.com.br\/index.php\/wp-json\/wp\/v2\/types\/product"}],"version-history":[{"count":3,"href":"https:\/\/vitoria-airport.kaptiva.com.br\/index.php\/wp-json\/wp\/v2\/product\/10769\/revisions"}],"predecessor-version":[{"id":10939,"href":"https:\/\/vitoria-airport.kaptiva.com.br\/index.php\/wp-json\/wp\/v2\/product\/10769\/revisions\/10939"}],"wp:featuredmedia":[{"embeddable":true,"href":"https:\/\/vitoria-airport.kaptiva.com.br\/index.php\/wp-json\/wp\/v2\/media\/10436"}],"wp:attachment":[{"href":"https:\/\/vitoria-airport.kaptiva.com.br\/index.php\/wp-json\/wp\/v2\/media?parent=10769"}],"wp:term":[{"taxonomy":"product_cat","embeddable":true,"href":"https:\/\/vitoria-airport.kaptiva.com.br\/index.php\/wp-json\/wp\/v2\/product_cat?post=10769"},{"taxonomy":"product_tag","embeddable":true,"href":"https:\/\/vitoria-airport.kaptiva.com.br\/index.php\/wp-json\/wp\/v2\/product_tag?post=10769"}],"curies":[{"name":"wp","href":"https:\/\/api.w.org\/{rel}","templated":true}]}}